{"id":6902,"date":"2024-08-06T07:02:44","date_gmt":"2024-08-06T07:02:44","guid":{"rendered":"https:\/\/demo.casethemes.net\/itfirm\/?page_id=6902"},"modified":"2024-08-06T17:17:20","modified_gmt":"2024-08-06T17:17:20","slug":"services-grid","status":"publish","type":"page","link":"https:\/\/soinpu.com\/web7\/elements\/services-grid\/","title":{"rendered":"Servicios"},"content":{"rendered":"\t\t<div data-elementor-type=\"wp-page\" data-elementor-id=\"6902\" class=\"elementor elementor-6902\">\n\t\t\t\t<div class=\"elementor-element elementor-element-a036148 e-flex e-con-boxed e-con e-parent\" data-id=\"a036148\" data-element_type=\"container\">\n\t\t\t\t\t<div class=\"e-con-inner\">\n\t\t\t\t<div class=\"elementor-element elementor-element-8b0537d elementor-widget elementor-widget-heading\" data-id=\"8b0537d\" data-element_type=\"widget\" data-widget_type=\"heading.default\">\n\t\t\t\t<div class=\"elementor-widget-container\">\n\t\t\t<style>\/*! elementor - v3.23.0 - 05-08-2024 *\/\n.elementor-heading-title{padding:0;margin:0;line-height:1}.elementor-widget-heading .elementor-heading-title[class*=elementor-size-]>a{color:inherit;font-size:inherit;line-height:inherit}.elementor-widget-heading .elementor-heading-title.elementor-size-small{font-size:15px}.elementor-widget-heading .elementor-heading-title.elementor-size-medium{font-size:19px}.elementor-widget-heading .elementor-heading-title.elementor-size-large{font-size:29px}.elementor-widget-heading .elementor-heading-title.elementor-size-xl{font-size:39px}.elementor-widget-heading .elementor-heading-title.elementor-size-xxl{font-size:59px}<\/style><h2 class=\"elementor-heading-title elementor-size-default\">Soluciones innovadoras para tus necesidades<\/h2>\t\t<\/div>\n\t\t\t\t<\/div>\n\t\t\t\t<div class=\"elementor-element elementor-element-2f9d8bc elementor-widget elementor-widget-heading\" data-id=\"2f9d8bc\" data-element_type=\"widget\" data-widget_type=\"heading.default\">\n\t\t\t\t<div class=\"elementor-widget-container\">\n\t\t\t<h4 class=\"elementor-heading-title elementor-size-default\">Descubre nuestros servicios!<\/h4>\t\t<\/div>\n\t\t\t\t<\/div>\n\t\t\t\t\t<\/div>\n\t\t\t\t<\/div>\n\t\t        <section class=\"elementor-section elementor-top-section elementor-element elementor-element-29769234 elementor-section-full_width elementor-section-stretched elementor-section-height-default elementor-section-height-default ct-header-fixed-none ct-column-none ct-row-scroll-none ct-row-gradient--none ct-container-none\" data-id=\"29769234\" data-element_type=\"section\" data-settings=\"{&quot;stretch_section&quot;:&quot;section-stretched&quot;,&quot;background_background&quot;:&quot;classic&quot;}\">\n            \n                        <div class=\"elementor-container elementor-column-gap-no \">\n                    <div class=\"elementor-column elementor-col-100 elementor-top-column elementor-element elementor-element-3f82be36 ct-column-none col-offset-none col-color-offset-none\" data-id=\"3f82be36\" data-element_type=\"column\">\n        <div class=\"elementor-widget-wrap elementor-element-populated\">\n                    \n        \t\t<div class=\"elementor-element elementor-element-2b11d05c elementor-widget elementor-widget-spacer\" data-id=\"2b11d05c\" data-element_type=\"widget\" data-widget_type=\"spacer.default\">\n\t\t\t\t<div class=\"elementor-widget-container\">\n\t\t\t<style>\/*! elementor - v3.23.0 - 05-08-2024 *\/\n.elementor-column .elementor-spacer-inner{height:var(--spacer-size)}.e-con{--container-widget-width:100%}.e-con-inner>.elementor-widget-spacer,.e-con>.elementor-widget-spacer{width:var(--container-widget-width,var(--spacer-size));--align-self:var(--container-widget-align-self,initial);--flex-shrink:0}.e-con-inner>.elementor-widget-spacer>.elementor-widget-container,.e-con>.elementor-widget-spacer>.elementor-widget-container{height:100%;width:100%}.e-con-inner>.elementor-widget-spacer>.elementor-widget-container>.elementor-spacer,.e-con>.elementor-widget-spacer>.elementor-widget-container>.elementor-spacer{height:100%}.e-con-inner>.elementor-widget-spacer>.elementor-widget-container>.elementor-spacer>.elementor-spacer-inner,.e-con>.elementor-widget-spacer>.elementor-widget-container>.elementor-spacer>.elementor-spacer-inner{height:var(--container-widget-height,var(--spacer-size))}.e-con-inner>.elementor-widget-spacer.elementor-widget-empty,.e-con>.elementor-widget-spacer.elementor-widget-empty{position:relative;min-height:22px;min-width:22px}.e-con-inner>.elementor-widget-spacer.elementor-widget-empty .elementor-widget-empty-icon,.e-con>.elementor-widget-spacer.elementor-widget-empty .elementor-widget-empty-icon{position:absolute;top:0;bottom:0;left:0;right:0;margin:auto;padding:0;width:22px;height:22px}<\/style>\t\t<div class=\"elementor-spacer\">\n\t\t\t<div class=\"elementor-spacer-inner\"><\/div>\n\t\t<\/div>\n\t\t\t\t<\/div>\n\t\t\t\t<\/div>\n\t\t            <\/div>\n        <\/div>\n                    <\/div>\n        <\/section>\n                <section class=\"elementor-section elementor-top-section elementor-element elementor-element-085860d elementor-section-boxed elementor-section-height-default elementor-section-height-default ct-header-fixed-none ct-column-none ct-row-scroll-none ct-row-gradient--none\" data-id=\"085860d\" data-element_type=\"section\">\n            \n                        <div class=\"elementor-container elementor-column-gap-extended \">\n                    <div class=\"elementor-column elementor-col-100 elementor-top-column elementor-element elementor-element-e2463c2 ct-column-none col-offset-none col-color-offset-none\" data-id=\"e2463c2\" data-element_type=\"column\">\n        <div class=\"elementor-widget-wrap elementor-element-populated\">\n                    \n        \t\t<div class=\"elementor-element elementor-element-6acfc4a elementor-widget elementor-widget-ct_service_grid\" data-id=\"6acfc4a\" data-element_type=\"widget\" data-widget_type=\"ct_service_grid.default\">\n\t\t\t\t<div class=\"elementor-widget-container\">\n\t\t\t\r\n<div id=\"ct_service_grid-6acfc4a\" class=\"ct-grid ct-service-grid2\" data-layout=\"masonry\" data-start-page=\"1\" data-max-pages=\"1\" data-total=\"5\" data-perpage=\"6\" data-next-link=\"\">\r\n    <div class=\"ct-inline-css\"  data-css=\"\r\n        \">\r\n    <\/div>\r\n    \r\n    <div class=\"ct-grid-inner ct-grid-masonry row animate-time\" data-gutter=\"15\">\r\n                            <div class=\"grid-item col-xl-4 col-lg-4 col-md-6 col-sm-6 col-12 \">\r\n                        <div class=\"grid-item-inner wow pulse\" data-wow-duration=\"1.2s\"> \r\n                            <div class=\"item--featured\">\r\n                                <a href=\"https:\/\/soinpu.com\/web7\/service\/seguridad-datos\/\"><img decoding=\"async\" class=\"no-lazyload \" src=\"https:\/\/soinpu.com\/web7\/wp-content\/uploads\/2024\/07\/standard-quality-control-concept-m-scaled-220x220.jpg\" width=\"220\" height=\"220\" alt=\"standard-quality-control-concept-m\" title=\"standard-quality-control-concept-m\" \/><\/a>\r\n                                                                    <div class=\"item--icon\"><i class=\"flaticon-shield\"><\/i><\/div>\r\n                                                                                            <\/div>\r\n                            <div class=\"item--holder\">\r\n                                                                    <h3 class=\"item--title\">\r\n                                        <a href=\"https:\/\/soinpu.com\/web7\/service\/seguridad-datos\/\">                                            Seguridad de Datos                                        <\/a>                                    <\/h3>\r\n                                                                                                        <div class=\"item--content\">\r\n                                            Ayudamos a mantener la integridad de tu informaci\u00f3n                                        <\/div>\r\n                                                                                                        <div class=\"item-readmore\">\r\n                                        <a class=\"btn btn-dark1\" href=\"https:\/\/soinpu.com\/web7\/service\/seguridad-datos\/\">Leer m\u00e1s<i class=\"ct-icon-plus\"><\/i><\/a>\r\n                                    <\/div>\r\n                                                            <\/div>\r\n                        <\/div>\r\n                    <\/div>\r\n                                    <div class=\"grid-item col-xl-4 col-lg-4 col-md-6 col-sm-6 col-12 \">\r\n                        <div class=\"grid-item-inner wow pulse\" data-wow-duration=\"1.2s\"> \r\n                            <div class=\"item--featured\">\r\n                                <a href=\"https:\/\/soinpu.com\/web7\/service\/licenciamiento_software\/\"><img decoding=\"async\" class=\"no-lazyload \" src=\"https:\/\/soinpu.com\/web7\/wp-content\/uploads\/2024\/07\/finger-pressing-black-pirate-button-illegal-dowload-torrent-scaled-220x220.jpg\" width=\"220\" height=\"220\" alt=\"www.freepik.es\" title=\"Finger pressing on black pirate button\" \/><\/a>\r\n                                                                    <div class=\"item--icon\"><i class=\"flaticon-database\"><\/i><\/div>\r\n                                                                                            <\/div>\r\n                            <div class=\"item--holder\">\r\n                                                                    <h3 class=\"item--title\">\r\n                                        <a href=\"https:\/\/soinpu.com\/web7\/service\/licenciamiento_software\/\">                                            Licenciamiento                                        <\/a>                                    <\/h3>\r\n                                                                                                        <div class=\"item--content\">\r\n                                            Adquiere el licenciamiento de los aplicativos que usas.                                        <\/div>\r\n                                                                                                        <div class=\"item-readmore\">\r\n                                        <a class=\"btn btn-dark1\" href=\"https:\/\/soinpu.com\/web7\/service\/licenciamiento_software\/\">Leer m\u00e1s<i class=\"ct-icon-plus\"><\/i><\/a>\r\n                                    <\/div>\r\n                                                            <\/div>\r\n                        <\/div>\r\n                    <\/div>\r\n                                    <div class=\"grid-item col-xl-4 col-lg-4 col-md-6 col-sm-6 col-12 \">\r\n                        <div class=\"grid-item-inner wow pulse\" data-wow-duration=\"1.2s\"> \r\n                            <div class=\"item--featured\">\r\n                                <a href=\"https:\/\/soinpu.com\/web7\/service\/gestion_ti\/\"><img decoding=\"async\" class=\"no-lazyload \" src=\"https:\/\/soinpu.com\/web7\/wp-content\/uploads\/2024\/07\/standard-quality-control-collage-concept2-220x220.jpg\" width=\"220\" height=\"220\" alt=\"www.freepik.es\" title=\"standard-quality-control-collage-concept2\" \/><\/a>\r\n                                                                    <div class=\"item--icon\"><i class=\"flaticon-web-settings\"><\/i><\/div>\r\n                                                                                            <\/div>\r\n                            <div class=\"item--holder\">\r\n                                                                    <h3 class=\"item--title\">\r\n                                        <a href=\"https:\/\/soinpu.com\/web7\/service\/gestion_ti\/\">                                            Gesti\u00f3n TI                                        <\/a>                                    <\/h3>\r\n                                                                                                        <div class=\"item--content\">\r\n                                            Optimizamos y mantenemos su infraestructura tecnol\u00f3gica.                                        <\/div>\r\n                                                                                                        <div class=\"item-readmore\">\r\n                                        <a class=\"btn btn-dark1\" href=\"https:\/\/soinpu.com\/web7\/service\/gestion_ti\/\">Leer m\u00e1s<i class=\"ct-icon-plus\"><\/i><\/a>\r\n                                    <\/div>\r\n                                                            <\/div>\r\n                        <\/div>\r\n                    <\/div>\r\n                                    <div class=\"grid-item col-xl-4 col-lg-4 col-md-6 col-sm-6 col-12 \">\r\n                        <div class=\"grid-item-inner wow pulse\" data-wow-duration=\"1.2s\"> \r\n                            <div class=\"item--featured\">\r\n                                <a href=\"https:\/\/soinpu.com\/web7\/service\/desarrollo_software\/\"><img loading=\"lazy\" decoding=\"async\" class=\"no-lazyload \" src=\"https:\/\/soinpu.com\/web7\/wp-content\/uploads\/2024\/07\/programming-background-collage-scaled-220x220.jpg\" width=\"220\" height=\"220\" alt=\"www.freepik.es\" title=\"programming-background-collage\" \/><\/a>\r\n                                                                    <div class=\"item--icon\"><i class=\"flaticon-compliant\"><\/i><\/div>\r\n                                                                                            <\/div>\r\n                            <div class=\"item--holder\">\r\n                                                                    <h3 class=\"item--title\">\r\n                                        <a href=\"https:\/\/soinpu.com\/web7\/service\/desarrollo_software\/\">                                            Desarrollo de Software                                        <\/a>                                    <\/h3>\r\n                                                                                                        <div class=\"item--content\">\r\n                                            Software a medida para optimizar procesos                                        <\/div>\r\n                                                                                                        <div class=\"item-readmore\">\r\n                                        <a class=\"btn btn-dark1\" href=\"https:\/\/soinpu.com\/web7\/service\/desarrollo_software\/\">Leer m\u00e1s<i class=\"ct-icon-plus\"><\/i><\/a>\r\n                                    <\/div>\r\n                                                            <\/div>\r\n                        <\/div>\r\n                    <\/div>\r\n                                    <div class=\"grid-item col-xl-4 col-lg-4 col-md-6 col-sm-6 col-12 \">\r\n                        <div class=\"grid-item-inner wow pulse\" data-wow-duration=\"1.2s\"> \r\n                            <div class=\"item--featured\">\r\n                                <a href=\"https:\/\/soinpu.com\/web7\/service\/ventas_productos_ti\/\"><img loading=\"lazy\" decoding=\"async\" class=\"no-lazyload \" src=\"https:\/\/soinpu.com\/web7\/wp-content\/uploads\/2024\/07\/cyber-monday-shopping-sales-scaled-220x220.jpg\" width=\"220\" height=\"220\" alt=\"http:\/\/www.freepik.es\/\" title=\"cyber-monday-shopping-sales\" \/><\/a>\r\n                                                                    <div class=\"item--icon\"><i class=\"flaticon-compliance\"><\/i><\/div>\r\n                                                                                            <\/div>\r\n                            <div class=\"item--holder\">\r\n                                                                    <h3 class=\"item--title\">\r\n                                        <a href=\"https:\/\/soinpu.com\/web7\/service\/ventas_productos_ti\/\">                                            Venta de Productos TI                                        <\/a>                                    <\/h3>\r\n                                                                                                        <div class=\"item--content\">\r\n                                            Productos TI de gran calidad                                        <\/div>\r\n                                                                                                        <div class=\"item-readmore\">\r\n                                        <a class=\"btn btn-dark1\" href=\"https:\/\/soinpu.com\/web7\/service\/ventas_productos_ti\/\">Leer m\u00e1s<i class=\"ct-icon-plus\"><\/i><\/a>\r\n                                    <\/div>\r\n                                                            <\/div>\r\n                        <\/div>\r\n                    <\/div>\r\n                                    <div class=\"grid-sizer col-xl-4 col-lg-4 col-md-6 col-sm-6 col-12\"><\/div>\r\n            <\/div>\r\n        <\/div>\t\t<\/div>\n\t\t\t\t<\/div>\n\t\t            <\/div>\n        <\/div>\n                    <\/div>\n        <\/section>\n        <div class=\"elementor-element elementor-element-c2fe3b8 e-flex e-con-boxed e-con e-parent\" data-id=\"c2fe3b8\" data-element_type=\"container\">\n\t\t\t\t\t<div class=\"e-con-inner\">\n\t\t\t\t\t<\/div>\n\t\t\t\t<\/div>\n\t\t\t\t<\/div>\n\t\t","protected":false},"excerpt":{"rendered":"<p>Soluciones innovadoras para tus necesidades Descubre nuestros servicios! Seguridad de Datos Ayudamos a mantener la integridad de tu informaci\u00f3n Leer m\u00e1s Licenciamiento Adquiere el licenciamiento de los aplicativos que usas. Leer m\u00e1s Gesti\u00f3n TI Optimizamos y mantenemos su infraestructura tecnol\u00f3gica. Leer m\u00e1s Desarrollo de Software Software a medida para optimizar procesos Leer m\u00e1s Venta de [&hellip;]<\/p>\n","protected":false},"author":1,"featured_media":0,"parent":6864,"menu_order":0,"comment_status":"closed","ping_status":"closed","template":"","meta":{"_joinchat":[],"footnotes":""},"class_list":["post-6902","page","type-page","status-publish","hentry"],"_links":{"self":[{"href":"https:\/\/soinpu.com\/web7\/wp-json\/wp\/v2\/pages\/6902"}],"collection":[{"href":"https:\/\/soinpu.com\/web7\/wp-json\/wp\/v2\/pages"}],"about":[{"href":"https:\/\/soinpu.com\/web7\/wp-json\/wp\/v2\/types\/page"}],"author":[{"embeddable":true,"href":"https:\/\/soinpu.com\/web7\/wp-json\/wp\/v2\/users\/1"}],"replies":[{"embeddable":true,"href":"https:\/\/soinpu.com\/web7\/wp-json\/wp\/v2\/comments?post=6902"}],"version-history":[{"count":23,"href":"https:\/\/soinpu.com\/web7\/wp-json\/wp\/v2\/pages\/6902\/revisions"}],"predecessor-version":[{"id":10538,"href":"https:\/\/soinpu.com\/web7\/wp-json\/wp\/v2\/pages\/6902\/revisions\/10538"}],"up":[{"embeddable":true,"href":"https:\/\/soinpu.com\/web7\/wp-json\/wp\/v2\/pages\/6864"}],"wp:attachment":[{"href":"https:\/\/soinpu.com\/web7\/wp-json\/wp\/v2\/media?parent=6902"}],"curies":[{"name":"wp","href":"https:\/\/api.w.org\/{rel}","templated":true}]}}